{"id":9488,"date":"2024-09-03T11:40:33","date_gmt":"2024-09-03T11:40:33","guid":{"rendered":"https:\/\/cokoladice.si\/?page_id=9488"},"modified":"2025-10-22T16:36:23","modified_gmt":"2025-10-22T16:36:23","slug":"postopek-narocanja","status":"publish","type":"page","link":"https:\/\/cokoladice.si\/?page_id=9488","title":{"rendered":"Postopek naro\u010danja"},"content":{"rendered":"\t\t<div data-elementor-type=\"wp-page\" data-elementor-id=\"9488\" class=\"elementor elementor-9488\">\n\t\t\t\t<div class=\"elementor-element elementor-element-8a8e7f7 e-grid e-con-boxed e-con e-parent\" data-id=\"8a8e7f7\" data-element_type=\"container\" data-e-type=\"container\">\n\t\t\t\t\t<div class=\"e-con-inner\">\n\t\t\t\t<div class=\"elementor-element elementor-element-cad35a7 elementor-widget elementor-widget-text-editor\" data-id=\"cad35a7\" data-element_type=\"widget\" data-e-type=\"widget\" data-widget_type=\"text-editor.default\">\n\t\t\t\t<div class=\"elementor-widget-container\">\n\t\t\t\t\t\t\t\t\t<p class=\"western\">S 30-letnimi izku\u0161njami je postopek naro\u010danja enostaven in hiter. Ne glede na to, ali ste majhno podjetje ali velika korporacija, poskrbimo za vse stranke. Pomembno je, da prejmemo datoteko z va\u0161im sporo\u010dilom, kot je logotip ali besedilo v krivuljah ali vektorski obliki. Da bi ohranili kakovost, potrebujemo datoteke visoke lo\u010dljivosti za optimalne rezultate tiskanja. Tako la\u017eje in hitreje uredimo dizajn ovojnega papirja za \u010dokolado. Zasnovo dizajna vam po\u0161ljemo v elektronski obliki v pogled in potrditev, \u010de je potrebna v sprememba jo popravimo. Pomembni podatki, ki jih potrebujemo so oblika \u010dokoladice, okus \u010dokolade in barva folije. Izbira folije je med zlato in srebrno, \u010de podatka za folijo ni posredovana, zavijemo \u010dokoladico v zlato folijo.<\/p>\n<p class=\"western\"><span style=\"color: var( --e-global-color-text ); text-align: var(--text-align);\">Na\u0161a ekipa se bo skrbno trudila izpolniti va\u0161 rok in zagotoviti pravo\u010dasno dostavo. Potrudimo se, da so narejene takoj, vendar najve\u010d do 14 dni od potrditve dizajna za \u010dokoladice. Na\u0161 cilj je zagotoviti vam prilagojeno in \u010dudovito izku\u0161njo. \u010cokoladice po\u0161iljamo preko Po\u0161te Slovenije, vendar ne, ko so zunaj visoke temperature. Zavedamo se pomena pravo\u010dasne dostave in \u017eelimo prese\u010di va\u0161a pri\u010dakovanja. Va\u0161e zadovoljstvo je na\u0161a prednostna naloga in predani smo zagotavljanju odli\u010dnosti.<\/span><br><\/p>\n<p class=\"western\">\n<\/p>\t\t\t\t\t\t\t\t<\/div>\n\t\t\t\t<\/div>\n\t\t\t\t\t<\/div>\n\t\t\t\t<\/div>\n\t\t<div class=\"elementor-element elementor-element-e35269f e-grid e-con-boxed e-con e-parent\" data-id=\"e35269f\" data-element_type=\"container\" data-e-type=\"container\">\n\t\t\t\t\t<div class=\"e-con-inner\">\n\t\t<div class=\"elementor-element elementor-element-d923a5f e-con-full e-flex e-con e-child\" data-id=\"d923a5f\" data-element_type=\"container\" data-e-type=\"container\">\n\t\t<div class=\"elementor-element elementor-element-b6003cb e-con-full e-flex e-con e-child\" data-id=\"b6003cb\" data-element_type=\"container\" data-e-type=\"container\" data-settings=\"{&quot;background_background&quot;:&quot;classic&quot;}\">\n\t\t\t\t<div class=\"elementor-element elementor-element-0b95c7f elementor-widget elementor-widget-text-editor\" data-id=\"0b95c7f\" data-element_type=\"widget\" data-e-type=\"widget\" data-widget_type=\"text-editor.default\">\n\t\t\t\t<div class=\"elementor-widget-container\">\n\t\t\t\t\t\t\t\t\t<ol><li>Posredujte datoteko v krivulji ali vektorsko z va\u0161im logotipom ali sporo\u010dilom<\/li><li>\u00a0Sporo\u010dite koli\u010dino (500 kosov minimalno), okus in velikost \u010dokoladice<\/li><li>Nastavimo osnutek ovitka in vam po\u0161ljemo v pregled in korekturo<\/li><li>\u00a0Za\u010dnemo s pripravo<\/li><li>Zavijemo \u010dokoladice<\/li><li>Po\u0161ljemo po Po\u0161ti Slovenije<\/li><\/ol><div><a href=\"https:\/\/cokoladice.si\/wp-content\/uploads\/2024\/09\/screenprint-narocila.png\"><img fetchpriority=\"high\" decoding=\"async\" class=\"size-medium wp-image-9930 aligncenter\" src=\"https:\/\/cokoladice.si\/wp-content\/uploads\/2024\/09\/screenprint-narocila-300x263.png\" alt=\"\" width=\"300\" height=\"263\" srcset=\"https:\/\/cokoladice.si\/wp-content\/uploads\/2024\/09\/screenprint-narocila-300x263.png 300w, https:\/\/cokoladice.si\/wp-content\/uploads\/2024\/09\/screenprint-narocila-768x674.png 768w, https:\/\/cokoladice.si\/wp-content\/uploads\/2024\/09\/screenprint-narocila-638x560.png 638w, https:\/\/cokoladice.si\/wp-content\/uploads\/2024\/09\/screenprint-narocila-600x527.png 600w, https:\/\/cokoladice.si\/wp-content\/uploads\/2024\/09\/screenprint-narocila.png 870w\" sizes=\"(max-width: 300px) 100vw, 300px\" \/><\/a><\/div>\t\t\t\t\t\t\t\t<\/div>\n\t\t\t\t<\/div>\n\t\t<div class=\"elementor-element elementor-element-edf78f9 e-con-full e-flex e-con e-child\" data-id=\"edf78f9\" data-element_type=\"container\" data-e-type=\"container\">\n\t\t\t\t<div class=\"elementor-element elementor-element-6ed56e1 elementor-widget elementor-widget-heading\" data-id=\"6ed56e1\" data-element_type=\"widget\" data-e-type=\"widget\" data-widget_type=\"heading.default\">\n\t\t\t\t<div class=\"elementor-widget-container\">\n\t\t\t\t\t<h2 class=\"elementor-heading-title elementor-size-default\">priprava malih \u010dokoladic<\/h2>\t\t\t\t<\/div>\n\t\t\t\t<\/div>\n\t\t\t\t<div class=\"elementor-element elementor-element-a56b984 elementor-widget__width-initial elementor-widget elementor-widget-text-editor\" data-id=\"a56b984\" data-element_type=\"widget\" data-e-type=\"widget\" data-widget_type=\"text-editor.default\">\n\t\t\t\t<div class=\"elementor-widget-container\">\n\t\t\t\t\t\t\t\t\t<p>Priprava je zelo enostavna, potrebujemo samo datoteko v vektorski ali v krivuljah va\u0161 logo ali dizajn. Vse ostalo pripravimo sami.<\/p>\t\t\t\t\t\t\t\t<\/div>\n\t\t\t\t<\/div>\n\t\t\t\t<\/div>\n\t\t\t\t<\/div>\n\t\t\t\t<\/div>\n\t\t\t\t\t<\/div>\n\t\t\t\t<\/div>\n\t\t\t\t<\/div>\n\t\t","protected":false},"excerpt":{"rendered":"<p>S 30-letnimi izku\u0161njami je postopek naro\u010danja enostaven in hiter. Ne glede na to, ali ste majhno podjetje ali velika korporacija, poskrbimo za vse stranke. Pomembno je, da prejmemo datoteko z va\u0161im sporo\u010dilom, kot je logotip ali besedilo v krivuljah ali vektorski obliki. Da bi ohranili kakovost, potrebujemo datoteke visoke lo\u010dljivosti [&hellip;]<\/p>\n","protected":false},"author":1,"featured_media":0,"parent":0,"menu_order":0,"comment_status":"closed","ping_status":"closed","template":"","meta":{"_monsterinsights_skip_tracking":false,"_monsterinsights_sitenote_active":false,"_monsterinsights_sitenote_note":"","_monsterinsights_sitenote_category":0,"_uf_show_specific_survey":0,"_uf_disable_surveys":false,"footnotes":""},"class_list":["post-9488","page","type-page","status-publish","hentry"],"aioseo_notices":[],"_links":{"self":[{"href":"https:\/\/cokoladice.si\/index.php?rest_route=\/wp\/v2\/pages\/9488","targetHints":{"allow":["GET"]}}],"collection":[{"href":"https:\/\/cokoladice.si\/index.php?rest_route=\/wp\/v2\/pages"}],"about":[{"href":"https:\/\/cokoladice.si\/index.php?rest_route=\/wp\/v2\/types\/page"}],"author":[{"embeddable":true,"href":"https:\/\/cokoladice.si\/index.php?rest_route=\/wp\/v2\/users\/1"}],"replies":[{"embeddable":true,"href":"https:\/\/cokoladice.si\/index.php?rest_route=%2Fwp%2Fv2%2Fcomments&post=9488"}],"version-history":[{"count":64,"href":"https:\/\/cokoladice.si\/index.php?rest_route=\/wp\/v2\/pages\/9488\/revisions"}],"predecessor-version":[{"id":10019,"href":"https:\/\/cokoladice.si\/index.php?rest_route=\/wp\/v2\/pages\/9488\/revisions\/10019"}],"wp:attachment":[{"href":"https:\/\/cokoladice.si\/index.php?rest_route=%2Fwp%2Fv2%2Fmedia&parent=9488"}],"curies":[{"name":"wp","href":"https:\/\/api.w.org\/{rel}","templated":true}]}}