{"id":9427,"date":"2024-09-02T16:34:04","date_gmt":"2024-09-02T16:34:04","guid":{"rendered":"https:\/\/cokoladice.si\/?page_id=9427"},"modified":"2024-09-15T10:52:46","modified_gmt":"2024-09-15T10:52:46","slug":"poosebljene-cokoladice","status":"publish","type":"page","link":"https:\/\/cokoladice.si\/","title":{"rendered":"Poosebljene \u010dokoladice"},"content":{"rendered":"\t\t<div data-elementor-type=\"wp-page\" data-elementor-id=\"9427\" class=\"elementor elementor-9427\">\n\t\t\t\t<div class=\"elementor-element elementor-element-ad2e804 e-con-full e-flex e-con e-parent\" data-id=\"ad2e804\" data-element_type=\"container\" data-e-type=\"container\" data-settings=\"{&quot;background_background&quot;:&quot;classic&quot;}\">\n\t\t<div class=\"elementor-element elementor-element-d75d89c e-con-full e-flex e-con e-child\" data-id=\"d75d89c\" data-element_type=\"container\" data-e-type=\"container\" data-settings=\"{&quot;background_background&quot;:&quot;classic&quot;}\">\n\t\t\t\t<div class=\"elementor-element elementor-element-b13d659 elementor-position-top elementor-widget elementor-widget-image-box\" data-id=\"b13d659\" data-element_type=\"widget\" data-e-type=\"widget\" data-widget_type=\"image-box.default\">\n\t\t\t\t<div class=\"elementor-widget-container\">\n\t\t\t\t\t<div class=\"elementor-image-box-wrapper\"><figure class=\"elementor-image-box-img\"><a href=\"https:\/\/cokoladice.si\/?page_id=9391\" tabindex=\"-1\"><img fetchpriority=\"high\" decoding=\"async\" width=\"600\" height=\"807\" src=\"https:\/\/cokoladice.si\/wp-content\/uploads\/2015\/01\/cokoladica-v-roki-600x807.png\" class=\"attachment-portfolio_item-thumbnail_portrait size-portfolio_item-thumbnail_portrait wp-image-9921\" alt=\"\" \/><\/a><\/figure><div class=\"elementor-image-box-content\"><h4 class=\"elementor-image-box-title\"><a href=\"https:\/\/cokoladice.si\/?page_id=9391\">Razi\u0161\u010dite uporabo na\u0161e \u010dokolade<\/a><\/h4><p class=\"elementor-image-box-description\">Odkrijte neskon\u010dne mo\u017enosti vklju\u010ditve na\u0161ih majhnih \u010dokoladic Napolitain na razli\u010dnih dogodkih. Te prijetne poslastice so ustvarjene s harmoni\u010dno me\u0161anico bogatih okusov in umetni\u0161kih navdihov. Ne glede na to, ali gostite poseben dogodek, \u017eelite popestriti gosta, praznujete mejnik ali se preprosto posladkate. Na\u0161e \u010dokoladice Napolitain ponujajo edinstveno in nepozabno do\u017eivetje okusa, ki bo o\u010daralo va\u0161e \u010dute.<\/p><\/div><\/div>\t\t\t\t<\/div>\n\t\t\t\t<\/div>\n\t\t\t\t<div class=\"elementor-element elementor-element-5966207 elementor-position-top elementor-widget elementor-widget-image-box\" data-id=\"5966207\" data-element_type=\"widget\" data-e-type=\"widget\" data-widget_type=\"image-box.default\">\n\t\t\t\t<div class=\"elementor-widget-container\">\n\t\t\t\t\t<div class=\"elementor-image-box-wrapper\"><figure class=\"elementor-image-box-img\"><a href=\"https:\/\/cokoladice.si\/?page_id=9403\" tabindex=\"-1\"><img decoding=\"async\" width=\"2560\" height=\"1920\" src=\"https:\/\/cokoladice.si\/wp-content\/uploads\/2015\/01\/IMG_20220106_072949_HDR-scaled.jpg\" class=\"attachment-full size-full wp-image-9370\" alt=\"\" srcset=\"https:\/\/cokoladice.si\/wp-content\/uploads\/2015\/01\/IMG_20220106_072949_HDR-scaled.jpg 2560w, https:\/\/cokoladice.si\/wp-content\/uploads\/2015\/01\/IMG_20220106_072949_HDR-300x225.jpg 300w, https:\/\/cokoladice.si\/wp-content\/uploads\/2015\/01\/IMG_20220106_072949_HDR-1024x768.jpg 1024w, https:\/\/cokoladice.si\/wp-content\/uploads\/2015\/01\/IMG_20220106_072949_HDR-768x576.jpg 768w, https:\/\/cokoladice.si\/wp-content\/uploads\/2015\/01\/IMG_20220106_072949_HDR-1536x1152.jpg 1536w, https:\/\/cokoladice.si\/wp-content\/uploads\/2015\/01\/IMG_20220106_072949_HDR-2048x1536.jpg 2048w, https:\/\/cokoladice.si\/wp-content\/uploads\/2015\/01\/IMG_20220106_072949_HDR-2000x1500.jpg 2000w, https:\/\/cokoladice.si\/wp-content\/uploads\/2015\/01\/IMG_20220106_072949_HDR-1000x750.jpg 1000w, https:\/\/cokoladice.si\/wp-content\/uploads\/2015\/01\/IMG_20220106_072949_HDR-1800x1350.jpg 1800w, https:\/\/cokoladice.si\/wp-content\/uploads\/2015\/01\/IMG_20220106_072949_HDR-747x560.jpg 747w, https:\/\/cokoladice.si\/wp-content\/uploads\/2015\/01\/IMG_20220106_072949_HDR-600x450.jpg 600w\" sizes=\"(max-width: 2560px) 100vw, 2560px\" \/><\/a><\/figure><div class=\"elementor-image-box-content\"><h4 class=\"elementor-image-box-title\"><a href=\"https:\/\/cokoladice.si\/?page_id=9403\">Na\u0161 izbor oblik in okusov<\/a><\/h4><p class=\"elementor-image-box-description\">Vsako izvrstno malo \u010dokoladico Napolitain skrbno izdelajo \u010dokoladni mojstri, ki zagotavljajo neprimerljivo izku\u0161njo z vsakim gri\u017eljajem. Potopite se v o\u010darljivo fuzijo vrhunskih \u010dokoladnih okusov in razli\u010dnih oblik, ki bodo va\u0161e brbon\u010dice popeljali v kraljestvo \u010diste dekadence in razko\u0161ja. Privo\u0161\u010dite si to \u010dutno potovanje, ki je druga\u010dno od vseh drugih, kjer je razvajanje povzdignjeno v nove vi\u0161ine.<\/p><\/div><\/div>\t\t\t\t<\/div>\n\t\t\t\t<\/div>\n\t\t\t\t<div class=\"elementor-element elementor-element-7adaef2 elementor-position-top elementor-widget elementor-widget-image-box\" data-id=\"7adaef2\" data-element_type=\"widget\" data-e-type=\"widget\" data-widget_type=\"image-box.default\">\n\t\t\t\t<div class=\"elementor-widget-container\">\n\t\t\t\t\t<div class=\"elementor-image-box-wrapper\"><figure class=\"elementor-image-box-img\"><a href=\"https:\/\/cokoladice.si\/?page_id=9488\" tabindex=\"-1\"><img decoding=\"async\" width=\"512\" height=\"928\" src=\"https:\/\/cokoladice.si\/wp-content\/uploads\/2024\/09\/Screenshot-2024-09-09-1503462.png\" class=\"attachment-full size-full wp-image-9993\" alt=\"\" srcset=\"https:\/\/cokoladice.si\/wp-content\/uploads\/2024\/09\/Screenshot-2024-09-09-1503462.png 512w, https:\/\/cokoladice.si\/wp-content\/uploads\/2024\/09\/Screenshot-2024-09-09-1503462-166x300.png 166w, https:\/\/cokoladice.si\/wp-content\/uploads\/2024\/09\/Screenshot-2024-09-09-1503462-309x560.png 309w\" sizes=\"(max-width: 512px) 100vw, 512px\" \/><\/a><\/figure><div class=\"elementor-image-box-content\"><h4 class=\"elementor-image-box-title\"><a href=\"https:\/\/cokoladice.si\/?page_id=9488\">Postopek naro\u010danja<\/a><\/h4><p class=\"elementor-image-box-description\">Naro\u010dilo pri nas je neverjetno preprosto in bodite prepri\u010dani, da bomo natan\u010dno izdelali \u010dudovito in izvrstno dekadentno malo \u010dokoladico samo za va\u0161o posebno prilo\u017enost. Ne glede na to, ali gre za sejem, dobrodo\u0161lico, poroko ali kateri koli drug dogodek, bodo na\u0161e \u010dokoladice zagotovo navdu\u0161ile va\u0161e goste s svojim bogatim okusom in elegantno predstavitvijo. Oddajte naro\u010dilo \u0161e danes in dovolite, da va\u0161im nepozabnim trenutkom dodamo kan\u010dek sladkosti!<\/p><\/div><\/div>\t\t\t\t<\/div>\n\t\t\t\t<\/div>\n\t\t\t\t<\/div>\n\t\t<div class=\"elementor-element elementor-element-05bb444 e-con-full e-flex e-con e-child\" data-id=\"05bb444\" data-element_type=\"container\" data-e-type=\"container\">\n\t\t\t\t<div class=\"elementor-element elementor-element-52364e5 elementor-widget elementor-widget-heading\" data-id=\"52364e5\" data-element_type=\"widget\" data-e-type=\"widget\" data-widget_type=\"heading.default\">\n\t\t\t\t<div class=\"elementor-widget-container\">\n\t\t\t\t\t<h2 class=\"elementor-heading-title elementor-size-default\">Zakaj izbrati nas?<\/h2>\t\t\t\t<\/div>\n\t\t\t\t<\/div>\n\t\t\t\t<div class=\"elementor-element elementor-element-ed28997 elementor-widget elementor-widget-text-editor\" data-id=\"ed28997\" data-element_type=\"widget\" data-e-type=\"widget\" data-widget_type=\"text-editor.default\">\n\t\t\t\t<div class=\"elementor-widget-container\">\n\t\t\t\t\t\t\t\t\t<p>Pridru\u017eite se nam pri kreativni umetnosti malih \u010dokoladic. Vsak gri\u017eljaj ponuja potovanje skozi okus in tradicijo, izdelano z ljubeznijo.<\/p>\t\t\t\t\t\t\t\t<\/div>\n\t\t\t\t<\/div>\n\t\t\t\t<\/div>\n\t\t\t\t<\/div>\n\t\t\t\t<\/div>\n\t\t","protected":false},"excerpt":{"rendered":"<p>Razi\u0161\u010dite uporabo na\u0161e \u010dokolade Odkrijte neskon\u010dne mo\u017enosti vklju\u010ditve na\u0161ih majhnih \u010dokoladic Napolitain na razli\u010dnih dogodkih. Te prijetne poslastice so ustvarjene s harmoni\u010dno me\u0161anico bogatih okusov in umetni\u0161kih navdihov. Ne glede na to, ali gostite poseben dogodek, \u017eelite popestriti gosta, praznujete mejnik ali se preprosto posladkate. Na\u0161e \u010dokoladice Napolitain ponujajo edinstveno [&hellip;]<\/p>\n","protected":false},"author":1,"featured_media":0,"parent":0,"menu_order":0,"comment_status":"closed","ping_status":"closed","template":"","meta":{"_monsterinsights_skip_tracking":false,"_monsterinsights_sitenote_active":false,"_monsterinsights_sitenote_note":"","_monsterinsights_sitenote_category":0,"_uf_show_specific_survey":0,"_uf_disable_surveys":false,"footnotes":""},"class_list":["post-9427","page","type-page","status-publish","hentry"],"aioseo_notices":[],"_links":{"self":[{"href":"https:\/\/cokoladice.si\/index.php?rest_route=\/wp\/v2\/pages\/9427","targetHints":{"allow":["GET"]}}],"collection":[{"href":"https:\/\/cokoladice.si\/index.php?rest_route=\/wp\/v2\/pages"}],"about":[{"href":"https:\/\/cokoladice.si\/index.php?rest_route=\/wp\/v2\/types\/page"}],"author":[{"embeddable":true,"href":"https:\/\/cokoladice.si\/index.php?rest_route=\/wp\/v2\/users\/1"}],"replies":[{"embeddable":true,"href":"https:\/\/cokoladice.si\/index.php?rest_route=%2Fwp%2Fv2%2Fcomments&post=9427"}],"version-history":[{"count":53,"href":"https:\/\/cokoladice.si\/index.php?rest_route=\/wp\/v2\/pages\/9427\/revisions"}],"predecessor-version":[{"id":9998,"href":"https:\/\/cokoladice.si\/index.php?rest_route=\/wp\/v2\/pages\/9427\/revisions\/9998"}],"wp:attachment":[{"href":"https:\/\/cokoladice.si\/index.php?rest_route=%2Fwp%2Fv2%2Fmedia&parent=9427"}],"curies":[{"name":"wp","href":"https:\/\/api.w.org\/{rel}","templated":true}]}}