{"id":9391,"date":"2024-09-02T15:38:49","date_gmt":"2024-09-02T15:38:49","guid":{"rendered":"https:\/\/cokoladice.si\/?page_id=9391"},"modified":"2024-09-08T18:35:54","modified_gmt":"2024-09-08T18:35:54","slug":"splosna-uporaba-malih-cokoladic","status":"publish","type":"page","link":"https:\/\/cokoladice.si\/?page_id=9391","title":{"rendered":"Splo\u0161na uporaba male \u010dokoladice Napolitain"},"content":{"rendered":"\t\t<div data-elementor-type=\"wp-page\" data-elementor-id=\"9391\" class=\"elementor elementor-9391\">\n\t\t\t\t<div class=\"elementor-element elementor-element-63a63ab7 e-flex e-con-boxed e-con e-parent\" data-id=\"63a63ab7\" data-element_type=\"container\" data-e-type=\"container\">\n\t\t\t\t\t<div class=\"e-con-inner\">\n\t\t\t\t<div class=\"elementor-element elementor-element-59f7046f elementor-widget elementor-widget-text-editor\" data-id=\"59f7046f\" data-element_type=\"widget\" data-e-type=\"widget\" data-widget_type=\"text-editor.default\">\n\t\t\t\t<div class=\"elementor-widget-container\">\n\t\t\t\t\t\t\t\t\t<p><\/p>\n<p>Male \u010dokoladice ali kot jim drugod re\u010dejo Napolitain \u010dokoladice. So posamezne male \u010dokoladice, ve\u010dinoma kvadratne ali pravokotne oblike, oviti v folijo in papirnato embala\u017eo s sporo\u010dilom. Zaradi svoje majhne in o\u010darljive predstavitve so odli\u010dna darila. So lepo zavita in lepo na pogled. Te miniaturne dobrote so pogosto izdelane iz visokokakovostne \u010dokolade za \u010dudovito izku\u0161njo. Obi\u010dajna velikost \u010dokoladne tablice je med 3 g in 10 g. Zau\u017eitje majhne \u010dokoladice lahko vzbudi ob\u010dutke ugodja in razvajanja. Uporaba majhne \u010dokoladice ima svoj pomen, zato se uporablja najbolj\u0161a \u010dokolada, saj stimulira osnovna \u010dutila za vonj, vid in okus. Embala\u017ea majhnih \u010dokoladnih tablic pogosto vklju\u010duje vzpodbudne in motivacijske citate ali umetni\u0161ki navdih oblikovalca.<\/p>\n<p>S tem ustvarimo poseben u\u010dinek na na\u0161a \u010dutila, ki so v tistem trenutku pomembna, zato ga lahko uporabimo na razli\u010dnih dogodkih in mestih. Lepota majhnih \u010dokoladnih tablic je v njihovi zmo\u017enosti izbolj\u0161anja ambienta in do\u017eivetja vsakega sre\u010danja ali lokaciji dogodtka. Splo\u0161na uporaba majhnih \u010dokoladic je za dobrodo\u0161lico gostom, v kavarni, pisarni, banki, poroki, sejmu, trgovini, sprejemu, predstavitvi.<\/p>\n<p>Majhne \u010dokoladice so lepe, imajo svoje sporo\u010dilo. S svojim enkratnim okusom ponuja \u010dudovit izbruh do\u017eivetja. Zaradi vsestranskosti so primerna izbira za najrazli\u010dnej\u0161e prilo\u017enosti in okolja.<br><\/p>\n<p><\/p>\t\t\t\t\t\t\t\t<\/div>\n\t\t\t\t<\/div>\n\t\t\t\t\t<\/div>\n\t\t\t\t<\/div>\n\t\t<div class=\"elementor-element elementor-element-a4bb942 e-grid e-con-boxed e-con e-parent\" data-id=\"a4bb942\" data-element_type=\"container\" data-e-type=\"container\">\n\t\t\t\t\t<div class=\"e-con-inner\">\n\t\t\t\t<div class=\"elementor-element elementor-element-ae7e68e elementor-widget elementor-widget-heading\" data-id=\"ae7e68e\" data-element_type=\"widget\" data-e-type=\"widget\" data-widget_type=\"heading.default\">\n\t\t\t\t<div class=\"elementor-widget-container\">\n\t\t\t\t\t<h2 class=\"elementor-heading-title elementor-size-default\">Obisk banke<\/h2>\t\t\t\t<\/div>\n\t\t\t\t<\/div>\n\t\t\t\t\t<\/div>\n\t\t\t\t<\/div>\n\t\t<div class=\"elementor-element elementor-element-591143d e-grid e-con-boxed e-con e-parent\" data-id=\"591143d\" data-element_type=\"container\" data-e-type=\"container\">\n\t\t\t\t\t<div class=\"e-con-inner\">\n\t\t\t\t<div class=\"elementor-element elementor-element-9ea37ec elementor-widget elementor-widget-video\" data-id=\"9ea37ec\" data-element_type=\"widget\" data-e-type=\"widget\" data-settings=\"{&quot;video_type&quot;:&quot;hosted&quot;,&quot;autoplay&quot;:&quot;yes&quot;,&quot;play_on_mobile&quot;:&quot;yes&quot;,&quot;mute&quot;:&quot;yes&quot;,&quot;loop&quot;:&quot;yes&quot;}\" data-widget_type=\"video.default\">\n\t\t\t\t<div class=\"elementor-widget-container\">\n\t\t\t\t\t\t\t<div class=\"e-hosted-video elementor-wrapper elementor-open-inline\">\n\t\t\t\t\t<video class=\"elementor-video\" src=\"https:\/\/cokoladice.si\/wp-content\/uploads\/2024\/09\/banka.mp4\" autoplay=\"\" loop=\"\" muted=\"muted\" playsinline=\"\" controlsList=\"nodownload\"><\/video>\n\t\t\t\t<\/div>\n\t\t\t\t\t\t<\/div>\n\t\t\t\t<\/div>\n\t\t\t\t<div class=\"elementor-element elementor-element-caf256b elementor-widget elementor-widget-text-editor\" data-id=\"caf256b\" data-element_type=\"widget\" data-e-type=\"widget\" data-widget_type=\"text-editor.default\">\n\t\t\t\t<div class=\"elementor-widget-container\">\n\t\t\t\t\t\t\t\t\t<p>Mala \u010dokoladica ni le sladka poslastica; je simbol zaupanja in tola\u017ebe. Mala \u010dokoladica v banki ustvarja spro\u0161\u010deno vzdu\u0161je in spodbuja odkrite ban\u010dne pogovore. Spodbuja veselje in povezanost, zaradi \u010desar se stranke po\u010dutijo cenjene in doma\u010de. Poleg tega, kdo ne ceni malo popustljivosti pri upravljanju svojih financ?<\/p>\t\t\t\t\t\t\t\t<\/div>\n\t\t\t\t<\/div>\n\t\t\t\t\t<\/div>\n\t\t\t\t<\/div>\n\t\t<div class=\"elementor-element elementor-element-e7e8361 e-grid e-con-boxed e-con e-parent\" data-id=\"e7e8361\" data-element_type=\"container\" data-e-type=\"container\">\n\t\t\t\t\t<div class=\"e-con-inner\">\n\t\t\t\t<div class=\"elementor-element elementor-element-ace20c5 elementor-widget elementor-widget-heading\" data-id=\"ace20c5\" data-element_type=\"widget\" data-e-type=\"widget\" data-widget_type=\"heading.default\">\n\t\t\t\t<div class=\"elementor-widget-container\">\n\t\t\t\t\t<h2 class=\"elementor-heading-title elementor-size-default\">\u010cokoladica ob kavi<\/h2>\t\t\t\t<\/div>\n\t\t\t\t<\/div>\n\t\t\t\t\t<\/div>\n\t\t\t\t<\/div>\n\t\t<div class=\"elementor-element elementor-element-05b1f57 e-grid e-con-boxed e-con e-parent\" data-id=\"05b1f57\" data-element_type=\"container\" data-e-type=\"container\">\n\t\t\t\t\t<div class=\"e-con-inner\">\n\t\t\t\t<div class=\"elementor-element elementor-element-4a56542 elementor-widget elementor-widget-text-editor\" data-id=\"4a56542\" data-element_type=\"widget\" data-e-type=\"widget\" data-widget_type=\"text-editor.default\">\n\t\t\t\t<div class=\"elementor-widget-container\">\n\t\t\t\t\t\t\t\t\t<p>Prepustite se bogati tapiseriji okusov, ki ple\u0161ejo v vsakem po\u017eirku na\u0161e kave, v popolni kombinaciji z dekadenco topljene male \u010dokoladice. Ta edinstvena me\u0161anica razkrije \u010dudovito izku\u0161njo, prebudi \u010dute in vas vabi, da u\u017eivate v vsakem trenutku.<\/p>\t\t\t\t\t\t\t\t<\/div>\n\t\t\t\t<\/div>\n\t\t\t\t<div class=\"elementor-element elementor-element-a0f6228 elementor-widget elementor-widget-video\" data-id=\"a0f6228\" data-element_type=\"widget\" data-e-type=\"widget\" data-settings=\"{&quot;video_type&quot;:&quot;hosted&quot;,&quot;autoplay&quot;:&quot;yes&quot;,&quot;play_on_mobile&quot;:&quot;yes&quot;,&quot;mute&quot;:&quot;yes&quot;,&quot;loop&quot;:&quot;yes&quot;}\" data-widget_type=\"video.default\">\n\t\t\t\t<div class=\"elementor-widget-container\">\n\t\t\t\t\t\t\t<div class=\"e-hosted-video elementor-wrapper elementor-open-inline\">\n\t\t\t\t\t<video class=\"elementor-video\" src=\"https:\/\/cokoladice.si\/wp-content\/uploads\/2024\/09\/kava.mp4\" autoplay=\"\" loop=\"\" muted=\"muted\" playsinline=\"\" controlsList=\"nodownload\"><\/video>\n\t\t\t\t<\/div>\n\t\t\t\t\t\t<\/div>\n\t\t\t\t<\/div>\n\t\t\t\t\t<\/div>\n\t\t\t\t<\/div>\n\t\t<div class=\"elementor-element elementor-element-c6c5e7e e-grid e-con-boxed e-con e-parent\" data-id=\"c6c5e7e\" data-element_type=\"container\" data-e-type=\"container\">\n\t\t\t\t\t<div class=\"e-con-inner\">\n\t\t\t\t<div class=\"elementor-element elementor-element-8c07ac3 elementor-widget elementor-widget-heading\" data-id=\"8c07ac3\" data-element_type=\"widget\" data-e-type=\"widget\" data-widget_type=\"heading.default\">\n\t\t\t\t<div class=\"elementor-widget-container\">\n\t\t\t\t\t<h2 class=\"elementor-heading-title elementor-size-default\">Recepcija<\/h2>\t\t\t\t<\/div>\n\t\t\t\t<\/div>\n\t\t\t\t\t<\/div>\n\t\t\t\t<\/div>\n\t\t<div class=\"elementor-element elementor-element-6ae8ef6 e-grid e-con-boxed e-con e-parent\" data-id=\"6ae8ef6\" data-element_type=\"container\" data-e-type=\"container\">\n\t\t\t\t\t<div class=\"e-con-inner\">\n\t\t\t\t<div class=\"elementor-element elementor-element-45da92c elementor-widget elementor-widget-video\" data-id=\"45da92c\" data-element_type=\"widget\" data-e-type=\"widget\" data-settings=\"{&quot;video_type&quot;:&quot;hosted&quot;,&quot;autoplay&quot;:&quot;yes&quot;,&quot;play_on_mobile&quot;:&quot;yes&quot;,&quot;mute&quot;:&quot;yes&quot;,&quot;loop&quot;:&quot;yes&quot;}\" data-widget_type=\"video.default\">\n\t\t\t\t<div class=\"elementor-widget-container\">\n\t\t\t\t\t\t\t<div class=\"e-hosted-video elementor-wrapper elementor-open-inline\">\n\t\t\t\t\t<video class=\"elementor-video\" src=\"https:\/\/cokoladice.si\/wp-content\/uploads\/2024\/09\/recepcija.mp4\" autoplay=\"\" loop=\"\" muted=\"muted\" playsinline=\"\" controlsList=\"nodownload\"><\/video>\n\t\t\t\t<\/div>\n\t\t\t\t\t\t<\/div>\n\t\t\t\t<\/div>\n\t\t\t\t<div class=\"elementor-element elementor-element-00a85c0 elementor-widget elementor-widget-text-editor\" data-id=\"00a85c0\" data-element_type=\"widget\" data-e-type=\"widget\" data-widget_type=\"text-editor.default\">\n\t\t\t\t<div class=\"elementor-widget-container\">\n\t\t\t\t\t\t\t\t\t<p>Z vsako interakcijo je na\u0161 cilj ustvariti nepozabne izku\u0161nje tudi z malo\u00a0 \u010dokoladico v skodelici, ki bodo odmevale \u0161e dolgo po va\u0161em bivanju.<\/p>\n<p>Prizadevamo si zagotoviti razko\u0161no izku\u0161njo s prilagojeno storitvijo, ki zagotavlja, da se vsak gost po\u010duti cenjenega in razumljenega. Dobrodo\u0161li v kraju, kjer se gostoljubje sre\u010da z odli\u010dnostjo.<\/p>\t\t\t\t\t\t\t\t<\/div>\n\t\t\t\t<\/div>\n\t\t\t\t\t<\/div>\n\t\t\t\t<\/div>\n\t\t<div class=\"elementor-element elementor-element-aad86fb e-grid e-con-boxed e-con e-parent\" data-id=\"aad86fb\" data-element_type=\"container\" data-e-type=\"container\">\n\t\t\t\t\t<div class=\"e-con-inner\">\n\t\t\t\t<div class=\"elementor-element elementor-element-89db90f elementor-widget elementor-widget-heading\" data-id=\"89db90f\" data-element_type=\"widget\" data-e-type=\"widget\" data-widget_type=\"heading.default\">\n\t\t\t\t<div class=\"elementor-widget-container\">\n\t\t\t\t\t<h2 class=\"elementor-heading-title elementor-size-default\">Predstavitev<\/h2>\t\t\t\t<\/div>\n\t\t\t\t<\/div>\n\t\t\t\t\t<\/div>\n\t\t\t\t<\/div>\n\t\t<div class=\"elementor-element elementor-element-f1c85c7 e-grid e-con-boxed e-con e-parent\" data-id=\"f1c85c7\" data-element_type=\"container\" data-e-type=\"container\">\n\t\t\t\t\t<div class=\"e-con-inner\">\n\t\t\t\t<div class=\"elementor-element elementor-element-694bfb2 elementor-widget elementor-widget-text-editor\" data-id=\"694bfb2\" data-element_type=\"widget\" data-e-type=\"widget\" data-widget_type=\"text-editor.default\">\n\t\t\t\t<div class=\"elementor-widget-container\">\n\t\t\t\t\t\t\t\t\t<p>Vklju\u010devanje male \u010dokoladice v predstavitve spodbuja ob\u010dutek topline, spodbuja pozitivno vzdu\u0161je in lahko celo izbolj\u0161a priklic spomina in pove\u010da u\u010dinkovitost, kar zagotavlja, da bo va\u0161e sporo\u010dilo odmevalo \u0161e dolgo po tem.<\/p>\t\t\t\t\t\t\t\t<\/div>\n\t\t\t\t<\/div>\n\t\t\t\t<div class=\"elementor-element elementor-element-3fa4399 elementor-widget elementor-widget-video\" data-id=\"3fa4399\" data-element_type=\"widget\" data-e-type=\"widget\" data-settings=\"{&quot;video_type&quot;:&quot;hosted&quot;,&quot;autoplay&quot;:&quot;yes&quot;,&quot;play_on_mobile&quot;:&quot;yes&quot;,&quot;mute&quot;:&quot;yes&quot;,&quot;loop&quot;:&quot;yes&quot;}\" data-widget_type=\"video.default\">\n\t\t\t\t<div class=\"elementor-widget-container\">\n\t\t\t\t\t\t\t<div class=\"e-hosted-video elementor-wrapper elementor-open-inline\">\n\t\t\t\t\t<video class=\"elementor-video\" src=\"https:\/\/cokoladice.si\/wp-content\/uploads\/2024\/09\/prezentacija.mp4\" autoplay=\"\" loop=\"\" muted=\"muted\" playsinline=\"\" controlsList=\"nodownload\"><\/video>\n\t\t\t\t<\/div>\n\t\t\t\t\t\t<\/div>\n\t\t\t\t<\/div>\n\t\t\t\t\t<\/div>\n\t\t\t\t<\/div>\n\t\t<div class=\"elementor-element elementor-element-15486a2 e-grid e-con-boxed e-con e-parent\" data-id=\"15486a2\" data-element_type=\"container\" data-e-type=\"container\">\n\t\t\t\t\t<div class=\"e-con-inner\">\n\t\t\t\t<div class=\"elementor-element elementor-element-635d17c elementor-widget elementor-widget-heading\" data-id=\"635d17c\" data-element_type=\"widget\" data-e-type=\"widget\" data-widget_type=\"heading.default\">\n\t\t\t\t<div class=\"elementor-widget-container\">\n\t\t\t\t\t<h2 class=\"elementor-heading-title elementor-size-default\">Dobrodo\u0161li<\/h2>\t\t\t\t<\/div>\n\t\t\t\t<\/div>\n\t\t\t\t\t<\/div>\n\t\t\t\t<\/div>\n\t\t<div class=\"elementor-element elementor-element-63e5bf6 e-grid e-con-boxed e-con e-parent\" data-id=\"63e5bf6\" data-element_type=\"container\" data-e-type=\"container\">\n\t\t\t\t\t<div class=\"e-con-inner\">\n\t\t\t\t<div class=\"elementor-element elementor-element-2891109 elementor-widget elementor-widget-video\" data-id=\"2891109\" data-element_type=\"widget\" data-e-type=\"widget\" data-settings=\"{&quot;video_type&quot;:&quot;hosted&quot;,&quot;autoplay&quot;:&quot;yes&quot;,&quot;play_on_mobile&quot;:&quot;yes&quot;,&quot;mute&quot;:&quot;yes&quot;,&quot;loop&quot;:&quot;yes&quot;}\" data-widget_type=\"video.default\">\n\t\t\t\t<div class=\"elementor-widget-container\">\n\t\t\t\t\t\t\t<div class=\"e-hosted-video elementor-wrapper elementor-open-inline\">\n\t\t\t\t\t<video class=\"elementor-video\" src=\"https:\/\/cokoladice.si\/wp-content\/uploads\/2024\/09\/soba-hotela.mp4\" autoplay=\"\" loop=\"\" muted=\"muted\" playsinline=\"\" controlsList=\"nodownload\"><\/video>\n\t\t\t\t<\/div>\n\t\t\t\t\t\t<\/div>\n\t\t\t\t<\/div>\n\t\t\t\t<div class=\"elementor-element elementor-element-9cd0a50 elementor-widget elementor-widget-text-editor\" data-id=\"9cd0a50\" data-element_type=\"widget\" data-e-type=\"widget\" data-widget_type=\"text-editor.default\">\n\t\t\t\t<div class=\"elementor-widget-container\">\n\t\t\t\t\t\t\t\t\t<p>Odkrijte u\u017eitke na\u0161ega luksuznega prostora, kjer vas sladke male \u010dokoladice pozdravljajo na vsakem koraku. Ob vstopu v hotelsko sobo.<\/p>\t\t\t\t\t\t\t\t<\/div>\n\t\t\t\t<\/div>\n\t\t\t\t\t<\/div>\n\t\t\t\t<\/div>\n\t\t<div class=\"elementor-element elementor-element-41978b1 e-grid e-con-boxed e-con e-parent\" data-id=\"41978b1\" data-element_type=\"container\" data-e-type=\"container\">\n\t\t\t\t\t<div class=\"e-con-inner\">\n\t\t\t\t<div class=\"elementor-element elementor-element-318bed0 elementor-widget elementor-widget-heading\" data-id=\"318bed0\" data-element_type=\"widget\" data-e-type=\"widget\" data-widget_type=\"heading.default\">\n\t\t\t\t<div class=\"elementor-widget-container\">\n\t\t\t\t\t<h2 class=\"elementor-heading-title elementor-size-default\">Poroka<\/h2>\t\t\t\t<\/div>\n\t\t\t\t<\/div>\n\t\t\t\t\t<\/div>\n\t\t\t\t<\/div>\n\t\t<div class=\"elementor-element elementor-element-53f8412 e-grid e-con-boxed e-con e-parent\" data-id=\"53f8412\" data-element_type=\"container\" data-e-type=\"container\">\n\t\t\t\t\t<div class=\"e-con-inner\">\n\t\t\t\t<div class=\"elementor-element elementor-element-648d0df elementor-widget elementor-widget-text-editor\" data-id=\"648d0df\" data-element_type=\"widget\" data-e-type=\"widget\" data-widget_type=\"text-editor.default\">\n\t\t\t\t<div class=\"elementor-widget-container\">\n\t\t\t\t\t\t\t\t\t<p>Razi\u0161\u010dite o\u010darljive ideje za \u010dokoladne poro\u010dne darila, ki bodo posladkali va\u0161 poseben dan. Vsaka mala \u010dokoladica, \u010dudovit znak hvale\u017enosti, bo gostom pustila prijetne spomine.<\/p>\t\t\t\t\t\t\t\t<\/div>\n\t\t\t\t<\/div>\n\t\t\t\t<div class=\"elementor-element elementor-element-4c3081c elementor-widget elementor-widget-video\" data-id=\"4c3081c\" data-element_type=\"widget\" data-e-type=\"widget\" data-settings=\"{&quot;video_type&quot;:&quot;hosted&quot;,&quot;autoplay&quot;:&quot;yes&quot;,&quot;play_on_mobile&quot;:&quot;yes&quot;,&quot;mute&quot;:&quot;yes&quot;,&quot;loop&quot;:&quot;yes&quot;}\" data-widget_type=\"video.default\">\n\t\t\t\t<div class=\"elementor-widget-container\">\n\t\t\t\t\t\t\t<div class=\"e-hosted-video elementor-wrapper elementor-open-inline\">\n\t\t\t\t\t<video class=\"elementor-video\" src=\"https:\/\/cokoladice.si\/wp-content\/uploads\/2024\/09\/poroka.mp4\" autoplay=\"\" loop=\"\" muted=\"muted\" playsinline=\"\" controlsList=\"nodownload\"><\/video>\n\t\t\t\t<\/div>\n\t\t\t\t\t\t<\/div>\n\t\t\t\t<\/div>\n\t\t\t\t\t<\/div>\n\t\t\t\t<\/div>\n\t\t\t\t<\/div>\n\t\t","protected":false},"excerpt":{"rendered":"<p>Male \u010dokoladice ali kot jim drugod re\u010dejo Napolitain \u010dokoladice. So posamezne male \u010dokoladice, ve\u010dinoma kvadratne ali pravokotne oblike, oviti v folijo in papirnato embala\u017eo s sporo\u010dilom. Zaradi svoje majhne in o\u010darljive predstavitve so odli\u010dna darila. So lepo zavita in lepo na pogled. Te miniaturne dobrote so pogosto izdelane iz visokokakovostne [&hellip;]<\/p>\n","protected":false},"author":1,"featured_media":0,"parent":0,"menu_order":0,"comment_status":"closed","ping_status":"closed","template":"","meta":{"_monsterinsights_skip_tracking":false,"_monsterinsights_sitenote_active":false,"_monsterinsights_sitenote_note":"","_monsterinsights_sitenote_category":0,"_uf_show_specific_survey":0,"_uf_disable_surveys":false,"footnotes":""},"class_list":["post-9391","page","type-page","status-publish","hentry"],"aioseo_notices":[],"_links":{"self":[{"href":"https:\/\/cokoladice.si\/index.php?rest_route=\/wp\/v2\/pages\/9391","targetHints":{"allow":["GET"]}}],"collection":[{"href":"https:\/\/cokoladice.si\/index.php?rest_route=\/wp\/v2\/pages"}],"about":[{"href":"https:\/\/cokoladice.si\/index.php?rest_route=\/wp\/v2\/types\/page"}],"author":[{"embeddable":true,"href":"https:\/\/cokoladice.si\/index.php?rest_route=\/wp\/v2\/users\/1"}],"replies":[{"embeddable":true,"href":"https:\/\/cokoladice.si\/index.php?rest_route=%2Fwp%2Fv2%2Fcomments&post=9391"}],"version-history":[{"count":80,"href":"https:\/\/cokoladice.si\/index.php?rest_route=\/wp\/v2\/pages\/9391\/revisions"}],"predecessor-version":[{"id":9967,"href":"https:\/\/cokoladice.si\/index.php?rest_route=\/wp\/v2\/pages\/9391\/revisions\/9967"}],"wp:attachment":[{"href":"https:\/\/cokoladice.si\/index.php?rest_route=%2Fwp%2Fv2%2Fmedia&parent=9391"}],"curies":[{"name":"wp","href":"https:\/\/api.w.org\/{rel}","templated":true}]}}